{"id":9825,"date":"2023-02-20T20:25:45","date_gmt":"2023-02-21T01:25:45","guid":{"rendered":"https:\/\/lagreen.ca\/?page_id=9825"},"modified":"2024-05-24T14:25:32","modified_gmt":"2024-05-24T18:25:32","slug":"policy","status":"publish","type":"page","link":"https:\/\/lagreen.ca\/fr\/policy\/","title":{"rendered":"Notre politique"},"content":{"rendered":"<div class=\"vc_row wpb_row vc_row-fluid\"><div class=\"wpb_column vc_column_container vc_col-sm-12\"><div class=\"vc_column-inner\"><div class=\"wpb_wrapper\"><div class=\"vc_separator wpb_content_element vc_separator_align_center vc_sep_width_100 vc_sep_pos_align_center vc_sep_color_grey vc_separator-has-text\" ><span class=\"vc_sep_holder vc_sep_holder_l\"><span  class=\"vc_sep_line\"><\/span><\/span><h4>Politique de retour<\/h4><span class=\"vc_sep_holder vc_sep_holder_r\"><span  class=\"vc_sep_line\"><\/span><\/span>\n<\/div>\r\n\t<div class=\"wpb_text_column wpb_content_element\" >\r\n\t\t<div class=\"wpb_wrapper\">\r\n\t\t\t<div>Satisfaction garantie avec notre politique de refaire gratuit.<\/div>\n<div><\/div>\n<div>Les prix peuvent varier selon les mat\u00e9riaux et la taille.<\/div>\n<div><\/div>\n<div>Toute R\u00e9clamation sera limit\u00e9e \u00e0 5 fois le prix du nettoyage et limit\u00e9e \u00e0 maximum de 30 jours apr\u00e8s la commande.<\/div>\n<div><\/div>\n<div>Nous ne sommes pas responsables des v\u00eatements non r\u00e9clam\u00e9s pendant 30 jours<\/div>\n\r\n\t\t<\/div>\r\n\t<\/div>\r\n<div class=\"vc_separator wpb_content_element vc_separator_align_center vc_sep_width_100 vc_sep_pos_align_center vc_sep_color_grey vc_separator-has-text\" ><span class=\"vc_sep_holder vc_sep_holder_l\"><span  class=\"vc_sep_line\"><\/span><\/span><h4>Website Privacy Policy<\/h4><span class=\"vc_sep_holder vc_sep_holder_r\"><span  class=\"vc_sep_line\"><\/span><\/span>\n<\/div>\r\n\t<div class=\"wpb_text_column wpb_content_element\" >\r\n\t\t<div class=\"wpb_wrapper\">\r\n\t\t\t<p><span style=\"font-weight: 400;\">The respect of your private life is of the utmost importance for Lagreen<\/span><\/p>\n<p><span style=\"font-weight: 400;\">This Privacy Policy aims to lay out:<\/span><\/p>\n<ul>\n<li style=\"font-weight: 400;\" aria-level=\"1\"><span style=\"font-weight: 400;\">the way your personal information is collected and processed. \u201cPersonal information\u201d means any information that could identify you, such as your name, your mailing address, your email address, your location and your IP address;<\/span><\/li>\n<li style=\"font-weight: 400;\" aria-level=\"1\"><span style=\"font-weight: 400;\">your rights regarding your personal information;<\/span><\/li>\n<li style=\"font-weight: 400;\" aria-level=\"1\"><span style=\"font-weight: 400;\">who is responsible for the processing of the collected information;<\/span><\/li>\n<li style=\"font-weight: 400;\" aria-level=\"1\"><span style=\"font-weight: 400;\">to whom the information is transmitted;<\/span><\/li>\n<li style=\"font-weight: 400;\" aria-level=\"1\"><span style=\"font-weight: 400;\">if applicable, the website\u2019s policy regarding cookies.<\/span><\/li>\n<\/ul>\n<p><span style=\"font-weight: 400;\">This Privacy Policy complements the Terms and Conditions that you may find at the following address:<\/span><\/p>\n<p><span style=\"font-weight: 400;\">https:\/\/lagreen.ca\/<\/span><\/p>\n<p>\u00a0<\/p>\n<ol>\n<li><b> COLLECTION OF PERSONAL INFORMATION<\/b><\/li>\n<\/ol>\n<p><span style=\"font-weight: 400;\">We collect the following personal information:<\/span><\/p>\n<ul>\n<li style=\"font-weight: 400;\" aria-level=\"1\"><span style=\"font-weight: 400;\">Last Name<\/span><\/li>\n<li style=\"font-weight: 400;\" aria-level=\"1\"><span style=\"font-weight: 400;\">First name<\/span><\/li>\n<li style=\"font-weight: 400;\" aria-level=\"1\"><span style=\"font-weight: 400;\">Mailing address<\/span><\/li>\n<li style=\"font-weight: 400;\" aria-level=\"1\"><span style=\"font-weight: 400;\">Postal code<\/span><\/li>\n<li style=\"font-weight: 400;\" aria-level=\"1\"><span style=\"font-weight: 400;\">Email address<\/span><\/li>\n<li style=\"font-weight: 400;\" aria-level=\"1\"><span style=\"font-weight: 400;\">Phone and\/or fax number<\/span><\/li>\n<li style=\"font-weight: 400;\" aria-level=\"1\"><span style=\"font-weight: 400;\">Credit card number<\/span><\/li>\n<\/ul>\n<p>\u00a0<\/p>\n<p><span style=\"font-weight: 400;\">The personal information we collect is collected through the collection methods described in the following section.<\/span><\/p>\n<ol start=\"2\">\n<li><b> FORMS AND METHODS OF COLLECTION<\/b><\/li>\n<\/ol>\n<p><span style=\"font-weight: 400;\">Your personal information is collected through the following methods:<\/span><\/p>\n<ul>\n<li style=\"font-weight: 400;\" aria-level=\"1\"><span style=\"font-weight: 400;\">Website registration form<\/span><\/li>\n<li style=\"font-weight: 400;\" aria-level=\"1\"><span style=\"font-weight: 400;\">Order form<\/span><\/li>\n<\/ul>\n<p>\u00a0<\/p>\n<p><span style=\"font-weight: 400;\">We use the collected data for the following purposes:<\/span><\/p>\n<ul>\n<li style=\"font-weight: 400;\" aria-level=\"1\"><span style=\"font-weight: 400;\">Order tracking<\/span><\/li>\n<li style=\"font-weight: 400;\" aria-level=\"1\"><span style=\"font-weight: 400;\">Special offers<\/span><\/li>\n<li style=\"font-weight: 400;\" aria-level=\"1\"><span style=\"font-weight: 400;\">Contact<\/span><\/li>\n<li style=\"font-weight: 400;\" aria-level=\"1\"><span style=\"font-weight: 400;\">Managing the website<\/span><\/li>\n<\/ul>\n<p>\u00a0<\/p>\n<ol start=\"3\">\n<li><b> INTERACTIVITY<\/b><\/li>\n<\/ol>\n<p><span style=\"font-weight: 400;\">Your personal information is also collected through the interactivity between you and the website. This personal information is collected through the following methods:<\/span><\/p>\n<ul>\n<li style=\"font-weight: 400;\" aria-level=\"1\"><span style=\"font-weight: 400;\">Cleancloud LTD<\/span><\/li>\n<\/ul>\n<p><span style=\"font-weight: 400;\">We use the personal information thus collected for the following purposes:<\/span><\/p>\n<ul>\n<li style=\"font-weight: 400;\" aria-level=\"1\"><span style=\"font-weight: 400;\">Contact<\/span><\/li>\n<li style=\"font-weight: 400;\" aria-level=\"1\"><span style=\"font-weight: 400;\">Website management<\/span><\/li>\n<\/ul>\n<ol start=\"4\">\n<li><b> SHARING PERSONAL INFORMATION<\/b><\/li>\n<\/ol>\n<p><span style=\"font-weight: 400;\">The personal information collected by the Website is not transmitted to any third party and is processed only by us.<\/span><\/p>\n<p>\u00a0<\/p>\n<ol start=\"5\">\n<li><b> STORAGE PERIOD OF PERSONAL INFORMATION<\/b><\/li>\n<\/ol>\n<p><span style=\"font-weight: 400;\">The controller will keep in its computer systems, in reasonable security conditions, the entirety of the personal information collected for the following duration: unlimited.<\/span><\/p>\n<p>\u00a0<\/p>\n<ol start=\"6\">\n<li><b> HOSTING OF PERSONAL INFORMATION<\/b><\/li>\n<\/ol>\n<p><span style=\"font-weight: 400;\">Our website is hosted by: lagreen inc., located at the following address:<\/span><\/p>\n<p><span style=\"font-weight: 400;\">canada.<\/span><\/p>\n<p><span style=\"font-weight: 400;\">The host may be contacted at the following phone number: 5142109999.<\/span><\/p>\n<p><span style=\"font-weight: 400;\">Personal information we collect and process is exclusively hosted in Canada.<\/span><\/p>\n<ul>\n<li><b> CONTROLLER<\/b>\n<ul>\n<li><b>\u00a0Controller<\/b><\/li>\n<\/ul>\n<\/li>\n<\/ul>\n<p><span style=\"font-weight: 400;\">The \u201cController\u201d is: lagreen. The Controller may be contacted as follows:<\/span><\/p>\n<p><span style=\"font-weight: 400;\">5142109999<\/span><\/p>\n<p><span style=\"font-weight: 400;\">The Controller is in charge of determining the purposes for which personal information is processed and the means of such processing.<\/span><\/p>\n<ul>\n<li style=\"list-style-type: none;\">\n<ul>\n<li><b>\u00a0Obligations of the Controller<\/b><\/li>\n<\/ul>\n<\/li>\n<\/ul>\n<p><span style=\"font-weight: 400;\">The Controller is committed to protecting the personal information collected, not to transmit it to third parties without informing you, and to respect the purposes for which personal information was collected.<\/span><\/p>\n<p><span style=\"font-weight: 400;\">In the event that the integrity, confidentiality or security of your personal information is compromised, the Controller is committed to notifying you.<\/span><\/p>\n<p>\u00a0<\/p>\n<ol start=\"8\">\n<li><b> RIGHT OF OBJECTION AND OF WITHDRAWAL<\/b><\/li>\n<\/ol>\n<p><span style=\"font-weight: 400;\">You have the right to object to the processing of your personal information by the Website (\u201cright to object\u201d). You also have the right to request that your personal information not appear, for example, on a mailing list (\u201cright to withdraw\u201d).<\/span><\/p>\n<p><span style=\"font-weight: 400;\">If you wish to exercise the right to object or the right to withdraw, you must follow the procedure described hereinafter:<\/span><\/p>\n<p><span style=\"font-weight: 400;\">please call at 5142109999<\/span><\/p>\n<p>\u00a0<\/p>\n<ol start=\"9\">\n<li><b> RIGHT OF ACCESS, OF RECTIFICATION AND OF REMOVAL<\/b><\/li>\n<\/ol>\n<p><span style=\"font-weight: 400;\">You have the right to consult, update, modify or request the removal of information about you by following the procedure described hereinafter:<\/span><\/p>\n<p><span style=\"font-weight: 400;\">please email us at info@lagreen.ca<\/span><\/p>\n<p>\u00a0<\/p>\n<ol start=\"10\">\n<li><b> SECURITY<\/b><\/li>\n<\/ol>\n<p><span style=\"font-weight: 400;\">Personal information we collect is stored in a secured environment. People working for us are obligated to respect the confidentiality of your personal information.<\/span><\/p>\n<p><span style=\"font-weight: 400;\">To ensure the security of your personal information, we use the following methods:<\/span><\/p>\n<ul>\n<li style=\"font-weight: 400;\" aria-level=\"1\"><span style=\"font-weight: 400;\">SSL (Security Sockets Layer) Protocol<\/span><\/li>\n<li style=\"font-weight: 400;\" aria-level=\"1\"><span style=\"font-weight: 400;\">Access management \u2013 person authorized<\/span><\/li>\n<li style=\"font-weight: 400;\" aria-level=\"1\"><span style=\"font-weight: 400;\">Access management \u2013 person concerned<\/span><\/li>\n<li style=\"font-weight: 400;\" aria-level=\"1\"><span style=\"font-weight: 400;\">Automatic backup<\/span><\/li>\n<li style=\"font-weight: 400;\" aria-level=\"1\"><span style=\"font-weight: 400;\">Username\/password<\/span><\/li>\n<li style=\"font-weight: 400;\" aria-level=\"1\"><span style=\"font-weight: 400;\">Firewalls<\/span><\/li>\n<\/ul>\n<p><span style=\"font-weight: 400;\">We are committed to maintaining a high degree of confidentiality by integrating the latest technological innovations that allow us to ensure the confidentiality of your transactions. Nevertheless, no mechanism can ensure complete security, and transmitting personal information on the Internet always contains an element of risk.<\/span><\/p>\n<p>\u00a0<\/p>\n<ol start=\"11\">\n<li><b> CHANGES TO OUR PRIVACY POLICY<\/b><\/li>\n<\/ol>\n<p><span style=\"font-weight: 400;\">Our Privacy Policy may be viewed at all times at the following address:<\/span><\/p>\n<p><span style=\"font-weight: 400;\">www.lagreen.ca\/privacy-policy\/<\/span><\/p>\n<p><span style=\"font-weight: 400;\">We reserve the right to modify our Privacy Policy in order to guarantee its compliance with the applicable law.<\/span><\/p>\n<p><span style=\"font-weight: 400;\">You are therefore invited to regularly consult our Privacy Policy to be informed of the latest changes.<\/span><\/p>\n<p>\u00a0<\/p>\n<ol start=\"12\">\n<li><b>ACCEPTANCE OF OUR PRIVACY POLICY<\/b><\/li>\n<\/ol>\n<p><span style=\"font-weight: 400;\">By using our Website, you certify that you have read and understood this Privacy Policy and accept its conditions, more specifically conditions relating to the collection and processing of personal information.<\/span><\/p>\n<p>\u00a0<\/p>\n<ol start=\"13\">\n<li><b> APPLICABLE LAW<\/b><\/li>\n<\/ol>\n<p><span style=\"font-weight: 400;\">We are committed to ensuring compliance with all applicable legislation, including, but not limited to:<\/span><\/p>\n<ul>\n<li style=\"font-weight: 400;\" aria-level=\"1\"><span style=\"font-weight: 400;\">the <\/span><i><span style=\"font-weight: 400;\">Criminal Code<\/span><\/i><span style=\"font-weight: 400;\"> (R.S.C., 1985, c. C-46);<\/span><\/li>\n<li style=\"font-weight: 400;\" aria-level=\"1\"><span style=\"font-weight: 400;\">Canada\u2019s anti-spam legislation (CASL);<\/span><\/li>\n<li style=\"font-weight: 400;\" aria-level=\"1\"><span style=\"font-weight: 400;\">the <\/span><i><span style=\"font-weight: 400;\">National Security Act<\/span><\/i><span style=\"font-weight: 400;\">, 2017 (S.C. 2019, c. 13);<\/span><\/li>\n<li style=\"font-weight: 400;\" aria-level=\"1\"><span style=\"font-weight: 400;\">the <\/span><i><span style=\"font-weight: 400;\">Communications Security Establishment Act<\/span><\/i><span style=\"font-weight: 400;\"> (S.C. 2019, c. 13, s. 76);<\/span><\/li>\n<li style=\"font-weight: 400;\" aria-level=\"1\"><span style=\"font-weight: 400;\">the <\/span><i><span style=\"font-weight: 400;\">Security of Information Act<\/span><\/i><span style=\"font-weight: 400;\"> (R.S.C., 1985, c. O-5);<\/span><\/li>\n<li style=\"font-weight: 400;\" aria-level=\"1\"><span style=\"font-weight: 400;\">the <\/span><i><span style=\"font-weight: 400;\">Personal Information Protection and Electronic Documents Act<\/span><\/i><span style=\"font-weight: 400;\"> (S.C. 2000, c. 5) or Provincial counterparts in jurisdictions that have their own privacy laws.<\/span><\/li>\n<\/ul>\n\r\n\t\t<\/div>\r\n\t<\/div>\r\n<\/div><\/div><\/div><\/div>","protected":false},"excerpt":{"rendered":"Politique de retour Satisfaction garantie avec notre politique de refaire gratuit. Les prix peuvent varier selon les mat\u00e9riaux et la taille. Toute R\u00e9clamation sera limit\u00e9e \u00e0 5 fois le prix du nettoyage et limit\u00e9e \u00e0 maximum de 30 jours apr\u00e8s la commande. Nous ne sommes pas responsables des v\u00eatements non r\u00e9clam\u00e9s pendant 30 jours Website [...]","protected":false},"author":1,"featured_media":0,"parent":0,"menu_order":0,"comment_status":"closed","ping_status":"closed","template":"","meta":{"footnotes":""},"class_list":["post-9825","page","type-page","status-publish","hentry"],"yoast_head":"<!-- This site is optimized with the Yoast SEO Premium plugin v27.4 (Yoast SEO v27.5) - https:\/\/yoast.com\/product\/yoast-seo-premium-wordpress\/ -->\n<title>Our Policy - LaGreen<\/title>\n<meta name=\"robots\" content=\"index, follow, max-snippet:-1, max-image-preview:large, max-video-preview:-1\" \/>\n<link rel=\"canonical\" href=\"https:\/\/lagreen.ca\/fr\/policy\/\" \/>\n<meta property=\"og:locale\" content=\"fr_CA\" \/>\n<meta property=\"og:type\" content=\"article\" \/>\n<meta property=\"og:title\" content=\"Our Policy\" \/>\n<meta property=\"og:url\" content=\"https:\/\/lagreen.ca\/fr\/policy\/\" \/>\n<meta property=\"og:site_name\" content=\"LaGreen\" \/>\n<meta property=\"article:publisher\" content=\"https:\/\/www.facebook.com\/LaGreenCleaners\/\" \/>\n<meta property=\"article:modified_time\" content=\"2024-05-24T18:25:32+00:00\" \/>\n<meta name=\"twitter:card\" content=\"summary_large_image\" \/>\n<script type=\"application\/ld+json\" class=\"yoast-schema-graph\">{\"@context\":\"https:\\\/\\\/schema.org\",\"@graph\":[{\"@type\":\"WebPage\",\"@id\":\"https:\\\/\\\/lagreen.ca\\\/policy\\\/\",\"url\":\"https:\\\/\\\/lagreen.ca\\\/policy\\\/\",\"name\":\"Our Policy - LaGreen\",\"isPartOf\":{\"@id\":\"https:\\\/\\\/lagreen.ca\\\/fr\\\/#website\"},\"datePublished\":\"2023-02-21T01:25:45+00:00\",\"dateModified\":\"2024-05-24T18:25:32+00:00\",\"breadcrumb\":{\"@id\":\"https:\\\/\\\/lagreen.ca\\\/policy\\\/#breadcrumb\"},\"inLanguage\":\"fr-CA\",\"potentialAction\":[{\"@type\":\"ReadAction\",\"target\":[\"https:\\\/\\\/lagreen.ca\\\/policy\\\/\"]}]},{\"@type\":\"BreadcrumbList\",\"@id\":\"https:\\\/\\\/lagreen.ca\\\/policy\\\/#breadcrumb\",\"itemListElement\":[{\"@type\":\"ListItem\",\"position\":1,\"name\":\"Home\",\"item\":\"https:\\\/\\\/lagreen.ca\\\/\"},{\"@type\":\"ListItem\",\"position\":2,\"name\":\"Our Policy\"}]},{\"@type\":\"WebSite\",\"@id\":\"https:\\\/\\\/lagreen.ca\\\/fr\\\/#website\",\"url\":\"https:\\\/\\\/lagreen.ca\\\/fr\\\/\",\"name\":\"LaGreen\",\"description\":\"Nettoyeur | Dry Cleaner\",\"publisher\":{\"@id\":\"https:\\\/\\\/lagreen.ca\\\/fr\\\/#organization\"},\"potentialAction\":[{\"@type\":\"SearchAction\",\"target\":{\"@type\":\"EntryPoint\",\"urlTemplate\":\"https:\\\/\\\/lagreen.ca\\\/fr\\\/?s={search_term_string}\"},\"query-input\":{\"@type\":\"PropertyValueSpecification\",\"valueRequired\":true,\"valueName\":\"search_term_string\"}}],\"inLanguage\":\"fr-CA\"},{\"@type\":\"Organization\",\"@id\":\"https:\\\/\\\/lagreen.ca\\\/fr\\\/#organization\",\"name\":\"lagreen\",\"url\":\"https:\\\/\\\/lagreen.ca\\\/fr\\\/\",\"logo\":{\"@type\":\"ImageObject\",\"inLanguage\":\"fr-CA\",\"@id\":\"https:\\\/\\\/lagreen.ca\\\/fr\\\/#\\\/schema\\\/logo\\\/image\\\/\",\"url\":\"https:\\\/\\\/lagreen.ca\\\/wp-content\\\/uploads\\\/La-Green-Logo.png\",\"contentUrl\":\"https:\\\/\\\/lagreen.ca\\\/wp-content\\\/uploads\\\/La-Green-Logo.png\",\"width\":2000,\"height\":908,\"caption\":\"lagreen\"},\"image\":{\"@id\":\"https:\\\/\\\/lagreen.ca\\\/fr\\\/#\\\/schema\\\/logo\\\/image\\\/\"},\"sameAs\":[\"https:\\\/\\\/www.facebook.com\\\/LaGreenCleaners\\\/\",\"https:\\\/\\\/www.instagram.com\\\/nettoyeur_lagreen\\\/\"]}]}<\/script>\n<!-- \/ Yoast SEO Premium plugin. -->","yoast_head_json":{"title":"Our Policy - LaGreen","robots":{"index":"index","follow":"follow","max-snippet":"max-snippet:-1","max-image-preview":"max-image-preview:large","max-video-preview":"max-video-preview:-1"},"canonical":"https:\/\/lagreen.ca\/fr\/policy\/","og_locale":"fr_CA","og_type":"article","og_title":"Our Policy","og_url":"https:\/\/lagreen.ca\/fr\/policy\/","og_site_name":"LaGreen","article_publisher":"https:\/\/www.facebook.com\/LaGreenCleaners\/","article_modified_time":"2024-05-24T18:25:32+00:00","twitter_card":"summary_large_image","schema":{"@context":"https:\/\/schema.org","@graph":[{"@type":"WebPage","@id":"https:\/\/lagreen.ca\/policy\/","url":"https:\/\/lagreen.ca\/policy\/","name":"Our Policy - LaGreen","isPartOf":{"@id":"https:\/\/lagreen.ca\/fr\/#website"},"datePublished":"2023-02-21T01:25:45+00:00","dateModified":"2024-05-24T18:25:32+00:00","breadcrumb":{"@id":"https:\/\/lagreen.ca\/policy\/#breadcrumb"},"inLanguage":"fr-CA","potentialAction":[{"@type":"ReadAction","target":["https:\/\/lagreen.ca\/policy\/"]}]},{"@type":"BreadcrumbList","@id":"https:\/\/lagreen.ca\/policy\/#breadcrumb","itemListElement":[{"@type":"ListItem","position":1,"name":"Home","item":"https:\/\/lagreen.ca\/"},{"@type":"ListItem","position":2,"name":"Our Policy"}]},{"@type":"WebSite","@id":"https:\/\/lagreen.ca\/fr\/#website","url":"https:\/\/lagreen.ca\/fr\/","name":"LaGreen","description":"Nettoyeur | Dry Cleaner","publisher":{"@id":"https:\/\/lagreen.ca\/fr\/#organization"},"potentialAction":[{"@type":"SearchAction","target":{"@type":"EntryPoint","urlTemplate":"https:\/\/lagreen.ca\/fr\/?s={search_term_string}"},"query-input":{"@type":"PropertyValueSpecification","valueRequired":true,"valueName":"search_term_string"}}],"inLanguage":"fr-CA"},{"@type":"Organization","@id":"https:\/\/lagreen.ca\/fr\/#organization","name":"lagreen","url":"https:\/\/lagreen.ca\/fr\/","logo":{"@type":"ImageObject","inLanguage":"fr-CA","@id":"https:\/\/lagreen.ca\/fr\/#\/schema\/logo\/image\/","url":"https:\/\/lagreen.ca\/wp-content\/uploads\/La-Green-Logo.png","contentUrl":"https:\/\/lagreen.ca\/wp-content\/uploads\/La-Green-Logo.png","width":2000,"height":908,"caption":"lagreen"},"image":{"@id":"https:\/\/lagreen.ca\/fr\/#\/schema\/logo\/image\/"},"sameAs":["https:\/\/www.facebook.com\/LaGreenCleaners\/","https:\/\/www.instagram.com\/nettoyeur_lagreen\/"]}]}},"_links":{"self":[{"href":"https:\/\/lagreen.ca\/fr\/wp-json\/wp\/v2\/pages\/9825","targetHints":{"allow":["GET"]}}],"collection":[{"href":"https:\/\/lagreen.ca\/fr\/wp-json\/wp\/v2\/pages"}],"about":[{"href":"https:\/\/lagreen.ca\/fr\/wp-json\/wp\/v2\/types\/page"}],"author":[{"embeddable":true,"href":"https:\/\/lagreen.ca\/fr\/wp-json\/wp\/v2\/users\/1"}],"replies":[{"embeddable":true,"href":"https:\/\/lagreen.ca\/fr\/wp-json\/wp\/v2\/comments?post=9825"}],"version-history":[{"count":7,"href":"https:\/\/lagreen.ca\/fr\/wp-json\/wp\/v2\/pages\/9825\/revisions"}],"predecessor-version":[{"id":9878,"href":"https:\/\/lagreen.ca\/fr\/wp-json\/wp\/v2\/pages\/9825\/revisions\/9878"}],"wp:attachment":[{"href":"https:\/\/lagreen.ca\/fr\/wp-json\/wp\/v2\/media?parent=9825"}],"curies":[{"name":"wp","href":"https:\/\/api.w.org\/{rel}","templated":true}]}}