{"id":7451,"date":"2017-05-02T13:17:08","date_gmt":"2017-05-02T13:17:08","guid":{"rendered":"https:\/\/lagreen.ca\/?page_id=7451"},"modified":"2022-08-29T14:30:08","modified_gmt":"2022-08-29T18:30:08","slug":"services","status":"publish","type":"page","link":"https:\/\/lagreen.ca\/fr\/services\/","title":{"rendered":"Services"},"content":{"rendered":"<div class=\"vc_row wpb_row vc_row-fluid\"><div class=\"wpb_column vc_column_container vc_col-sm-12\"><div class=\"vc_column-inner\"><div class=\"wpb_wrapper\"><div class=\"ult-spacer spacer-69f4010ec82c8\" data-id=\"69f4010ec82c8\" data-height=\"30\" data-height-mobile=\"30\" data-height-tab=\"30\" data-height-tab-portrait=\"\" data-height-mobile-landscape=\"\" style=\"clear:both;display:block;\"><\/div><\/div><\/div><\/div><\/div><div class=\"vc_row wpb_row vc_row-fluid section10 wpb_animate_when_almost_visible wpb_fadeIn fadeIn vc_custom_1505121352753\"><div class=\"wpb_column vc_column_container vc_col-sm-6\"><div class=\"vc_column-inner\"><div class=\"wpb_wrapper\"><div class=\"ult-animation  ult-animate-viewport  ult-no-mobile\" data-animate=\"fadeInUp\" data-animation-delay=\"1.0\" data-animation-duration=\"1\" data-animation-iteration=\"1\" style=\"opacity:0;\" data-opacity_start_effect=\"\"><div class=\"vc_row wpb_row vc_inner vc_row-fluid\"><div class=\"wpb_column vc_column_container vc_col-sm-6\"><div class=\"vc_column-inner\"><div class=\"wpb_wrapper\">\n<div id=\"interactive-banner-1-wrap-1237\" class=\"ult-banner-block ult-adjust-bottom-margin ult-bb-none  banner-style13\"   style=\"\">\n\t<img decoding=\"async\" src=\"https:\/\/lagreen.ca\/wp-content\/uploads\/La-Green_Eco-green-Dry-Cleaning_01-e1594692301501.png\" alt=\"null\">\n\t<div class=\"mask opaque-background\" style=\"background:;\">\n\t\t<div  data-ultimate-target='#interactive-banner-1-wrap-1237 .bb-description'  data-responsive-json-new='{\"font-size\":\"\",\"line-height\":\"\"}'  class=\"bb-description ult-responsive\" style=\"font-weight:normal;color:#ffffff;\"><\/div>\n\t<\/div>\n<\/div><\/div><\/div><\/div><div class=\"wpb_column vc_column_container vc_col-sm-6\"><div class=\"vc_column-inner\"><div class=\"wpb_wrapper\">\r\n\t<div class=\"wpb_text_column wpb_content_element  vc_custom_1594789369406\" >\r\n\t\t<div class=\"wpb_wrapper\">\r\n\t\t\t<h2><span class=\"dt-sc-skin-txt\">01 \/<\/span> Nettoyage \u00c9cologique<\/h2>\n\r\n\t\t<\/div>\r\n\t<\/div>\r\n\r\n\t<div class=\"wpb_text_column wpb_content_element  vc_custom_1594789529641\" >\r\n\t\t<div class=\"wpb_wrapper\">\r\n\t\t\t<p>Nous fournissons un service de nettoyage \u00e0 sec \u00e9cologique qui est 100% sans danger pour l'environnement. Contrairement aux nettoyeurs \u00e0 sec traditionnels, nous utilisons la technologie de NETTOYAGE ORGANIQUE avec des substances non toxiques. S\u00e9curitaire pour vous, votre famille et l'environnement.<\/p>\n\r\n\t\t<\/div>\r\n\t<\/div>\r\n<\/div><\/div><\/div><\/div><\/div><div class=\"ult-spacer spacer-69f4010eca711\" data-id=\"69f4010eca711\" data-height=\"30\" data-height-mobile=\"30\" data-height-tab=\"30\" data-height-tab-portrait=\"\" data-height-mobile-landscape=\"\" style=\"clear:both;display:block;\"><\/div><div class=\"ult-animation  ult-animate-viewport  ult-no-mobile\" data-animate=\"fadeInUp\" data-animation-delay=\"1.6\" data-animation-duration=\"1\" data-animation-iteration=\"1\" style=\"opacity:0;\" data-opacity_start_effect=\"\"><div class=\"vc_row wpb_row vc_inner vc_row-fluid\"><div class=\"wpb_column vc_column_container vc_col-sm-6\"><div class=\"vc_column-inner\"><div class=\"wpb_wrapper\">\n<div id=\"interactive-banner-1-wrap-3793\" class=\"ult-banner-block ult-adjust-bottom-margin ult-bb-none  banner-style13\"   style=\"\">\n\t<img decoding=\"async\" src=\"https:\/\/lagreen.ca\/wp-content\/uploads\/La-Green_Clean-Fold-1-e1594709880718.png\" alt=\"null\">\n\t<div class=\"mask opaque-background\" style=\"background:;\">\n\t\t<div  data-ultimate-target='#interactive-banner-1-wrap-3793 .bb-description'  data-responsive-json-new='{\"font-size\":\"\",\"line-height\":\"\"}'  class=\"bb-description ult-responsive\" style=\"font-weight:normal;color:#ffffff;\"><\/div>\n\t<\/div>\n<\/div><\/div><\/div><\/div><div class=\"wpb_column vc_column_container vc_col-sm-6\"><div class=\"vc_column-inner\"><div class=\"wpb_wrapper\">\r\n\t<div class=\"wpb_text_column wpb_content_element  vc_custom_1594789562361\" >\r\n\t\t<div class=\"wpb_wrapper\">\r\n\t\t\t<h2><span class=\"dt-sc-skin-txt\">03 \/<\/span> Wash & Fold Service<\/h2>\n\r\n\t\t<\/div>\r\n\t<\/div>\r\n\r\n\t<div class=\"wpb_text_column wpb_content_element  vc_custom_1661797798699\" >\r\n\t\t<div class=\"wpb_wrapper\">\r\n\t\t\t<p>Ne perdez plus votre temps sur le lavage, repassage, pliage. Nous prenons soin de votre linge aussi bien ou mieux que vous le pouvez, et nous vous le renvoyons, pli\u00e9 ou suspendu et en parfait \u00e9tat. *Ce service est fourni uniquement en utilisant l'application de ramassage et de livraison.<\/p>\n\r\n\t\t<\/div>\r\n\t<\/div>\r\n<\/div><\/div><\/div><\/div><\/div><\/div><\/div><\/div><div class=\"wpb_column vc_column_container vc_col-sm-6\"><div class=\"vc_column-inner\"><div class=\"wpb_wrapper\"><div class=\"ult-animation  ult-animate-viewport  ult-no-mobile\" data-animate=\"fadeInUp\" data-animation-delay=\"1.3\" data-animation-duration=\"1\" data-animation-iteration=\"1\" style=\"opacity:0;\" data-opacity_start_effect=\"\"><div class=\"vc_row wpb_row vc_inner vc_row-fluid\"><div class=\"wpb_column vc_column_container vc_col-sm-6\"><div class=\"vc_column-inner\"><div class=\"wpb_wrapper\">\n<div id=\"interactive-banner-1-wrap-9279\" class=\"ult-banner-block ult-adjust-bottom-margin ult-bb-none  banner-style13\"   style=\"\">\n\t<img decoding=\"async\" src=\"https:\/\/lagreen.ca\/wp-content\/uploads\/La-Green_Alteration-e1594709534180.png\" alt=\"null\">\n\t<div class=\"mask opaque-background\" style=\"background:;\">\n\t\t<div  data-ultimate-target='#interactive-banner-1-wrap-9279 .bb-description'  data-responsive-json-new='{\"font-size\":\"\",\"line-height\":\"\"}'  class=\"bb-description ult-responsive\" style=\"font-weight:normal;color:#ffffff;\"><\/div>\n\t<\/div>\n<\/div><\/div><\/div><\/div><div class=\"wpb_column vc_column_container vc_col-sm-6\"><div class=\"vc_column-inner\"><div class=\"wpb_wrapper\">\r\n\t<div class=\"wpb_text_column wpb_content_element  vc_custom_1594789322531\" >\r\n\t\t<div class=\"wpb_wrapper\">\r\n\t\t\t<h2><span class=\"dt-sc-skin-txt\">02 \/<\/span> Alteration & Tailoring<\/h2>\n\r\n\t\t<\/div>\r\n\t<\/div>\r\n\r\n\t<div class=\"wpb_text_column wpb_content_element  vc_custom_1594789473715\" >\r\n\t\t<div class=\"wpb_wrapper\">\r\n\t\t\t<p>Nos tailleurs sont capables de cr\u00e9er des r\u00e9sultats au-del\u00e0 de vos attentes. Nous effectuons tous types de modifications selon vos besoins. Nos ma\u00eetres tailleurs ont plus de 20 ans d'exp\u00e9rience dans la confection et la modification de v\u00eatements pour hommes et femmes.<\/p>\n\r\n\t\t<\/div>\r\n\t<\/div>\r\n<\/div><\/div><\/div><\/div><\/div><div class=\"ult-spacer spacer-69f4010ecc229\" data-id=\"69f4010ecc229\" data-height=\"30\" data-height-mobile=\"30\" data-height-tab=\"30\" data-height-tab-portrait=\"\" data-height-mobile-landscape=\"\" style=\"clear:both;display:block;\"><\/div><div class=\"ult-animation  ult-animate-viewport  ult-no-mobile\" data-animate=\"fadeInUp\" data-animation-delay=\"1.9\" data-animation-duration=\"1\" data-animation-iteration=\"1\" style=\"opacity:0;\" data-opacity_start_effect=\"\"><div class=\"vc_row wpb_row vc_inner vc_row-fluid\"><div class=\"wpb_column vc_column_container vc_col-sm-6\"><div class=\"vc_column-inner\"><div class=\"wpb_wrapper\">\n<div id=\"interactive-banner-1-wrap-2834\" class=\"ult-banner-block ult-adjust-bottom-margin ult-bb-none  banner-style13\"   style=\"\">\n\t<img decoding=\"async\" src=\"https:\/\/lagreen.ca\/wp-content\/uploads\/La-Green_Wedding-e1594709994710.png\" alt=\"null\">\n\t<div class=\"mask opaque-background\" style=\"background:;\">\n\t\t<div  data-ultimate-target='#interactive-banner-1-wrap-2834 .bb-description'  data-responsive-json-new='{\"font-size\":\"\",\"line-height\":\"\"}'  class=\"bb-description ult-responsive\" style=\"font-weight:normal;color:#ffffff;\"><\/div>\n\t<\/div>\n<\/div><\/div><\/div><\/div><div class=\"wpb_column vc_column_container vc_col-sm-6\"><div class=\"vc_column-inner\"><div class=\"wpb_wrapper\">\r\n\t<div class=\"wpb_text_column wpb_content_element  vc_custom_1594790063993\" >\r\n\t\t<div class=\"wpb_wrapper\">\r\n\t\t\t<h2><span class=\"dt-sc-skin-txt\">04 \/<\/span> Nettoyage de robes de mari\u00e9e<\/h2>\n\r\n\t\t<\/div>\r\n\t<\/div>\r\n\r\n\t<div class=\"wpb_text_column wpb_content_element  vc_custom_1594790282366\" >\r\n\t\t<div class=\"wpb_wrapper\">\r\n\t\t\t<p>Une robe de mari\u00e9e est souvent transmise aux jeunes g\u00e9n\u00e9rations. Par cons\u00e9quent, nos nettoyeurs professionnels prennent soin de votre robe de mari\u00e9e avec les plus hauts niveaux de soin, d'int\u00e9grit\u00e9 et d'attention \u00e0 chaque d\u00e9tail.<\/p>\n\r\n\t\t<\/div>\r\n\t<\/div>\r\n<\/div><\/div><\/div><\/div><\/div><\/div><\/div><\/div><\/div><div class=\"vc_row wpb_row vc_row-fluid\"><div class=\"wpb_column vc_column_container vc_col-sm-12\"><div class=\"vc_column-inner\"><div class=\"wpb_wrapper\"><div class=\"ult-spacer spacer-69f4010ecd8f8\" data-id=\"69f4010ecd8f8\" data-height=\"80\" data-height-mobile=\"80\" data-height-tab=\"80\" data-height-tab-portrait=\"\" data-height-mobile-landscape=\"\" style=\"clear:both;display:block;\"><\/div><\/div><\/div><\/div><\/div>","protected":false},"excerpt":{"rendered":"01 \/ Eco-Friendly Cleaning We provide a green Eco-friendly dry cleaning service that is 100% safe for the environment. Unlike traditional dry cleaners, we use ORGANIC CLEANING \u00a0technology with non-toxic substances. Safe for you, your family and the environment. 03 \/ Wash &amp; Fold Service No more wasting hours on laundry. We get your laundry [...]","protected":false},"author":1,"featured_media":0,"parent":0,"menu_order":0,"comment_status":"closed","ping_status":"closed","template":"","meta":{"footnotes":""},"class_list":["post-7451","page","type-page","status-publish","hentry"],"yoast_head":"<!-- This site is optimized with the Yoast SEO Premium plugin v27.4 (Yoast SEO v27.5) - https:\/\/yoast.com\/product\/yoast-seo-premium-wordpress\/ -->\n<title>Services - LaGreen<\/title>\n<meta name=\"robots\" content=\"index, follow, max-snippet:-1, max-image-preview:large, max-video-preview:-1\" \/>\n<link rel=\"canonical\" href=\"https:\/\/lagreen.ca\/fr\/services\/\" \/>\n<meta property=\"og:locale\" content=\"fr_CA\" \/>\n<meta property=\"og:type\" content=\"article\" \/>\n<meta property=\"og:title\" content=\"Services\" \/>\n<meta property=\"og:url\" content=\"https:\/\/lagreen.ca\/fr\/services\/\" \/>\n<meta property=\"og:site_name\" content=\"LaGreen\" \/>\n<meta property=\"article:publisher\" content=\"https:\/\/www.facebook.com\/LaGreenCleaners\/\" \/>\n<meta property=\"article:modified_time\" content=\"2022-08-29T18:30:08+00:00\" \/>\n<meta name=\"twitter:card\" content=\"summary_large_image\" \/>\n<meta name=\"twitter:label1\" content=\"Estimation du temps de lecture\" \/>\n\t<meta name=\"twitter:data1\" content=\"3 minutes\" \/>\n<script type=\"application\/ld+json\" class=\"yoast-schema-graph\">{\"@context\":\"https:\\\/\\\/schema.org\",\"@graph\":[{\"@type\":\"WebPage\",\"@id\":\"https:\\\/\\\/lagreen.ca\\\/services\\\/\",\"url\":\"https:\\\/\\\/lagreen.ca\\\/services\\\/\",\"name\":\"Services - LaGreen\",\"isPartOf\":{\"@id\":\"https:\\\/\\\/lagreen.ca\\\/fr\\\/#website\"},\"datePublished\":\"2017-05-02T13:17:08+00:00\",\"dateModified\":\"2022-08-29T18:30:08+00:00\",\"breadcrumb\":{\"@id\":\"https:\\\/\\\/lagreen.ca\\\/services\\\/#breadcrumb\"},\"inLanguage\":\"fr-CA\",\"potentialAction\":[{\"@type\":\"ReadAction\",\"target\":[\"https:\\\/\\\/lagreen.ca\\\/services\\\/\"]}]},{\"@type\":\"BreadcrumbList\",\"@id\":\"https:\\\/\\\/lagreen.ca\\\/services\\\/#breadcrumb\",\"itemListElement\":[{\"@type\":\"ListItem\",\"position\":1,\"name\":\"Home\",\"item\":\"https:\\\/\\\/lagreen.ca\\\/\"},{\"@type\":\"ListItem\",\"position\":2,\"name\":\"Services\"}]},{\"@type\":\"WebSite\",\"@id\":\"https:\\\/\\\/lagreen.ca\\\/fr\\\/#website\",\"url\":\"https:\\\/\\\/lagreen.ca\\\/fr\\\/\",\"name\":\"LaGreen\",\"description\":\"Nettoyeur | Dry Cleaner\",\"publisher\":{\"@id\":\"https:\\\/\\\/lagreen.ca\\\/fr\\\/#organization\"},\"potentialAction\":[{\"@type\":\"SearchAction\",\"target\":{\"@type\":\"EntryPoint\",\"urlTemplate\":\"https:\\\/\\\/lagreen.ca\\\/fr\\\/?s={search_term_string}\"},\"query-input\":{\"@type\":\"PropertyValueSpecification\",\"valueRequired\":true,\"valueName\":\"search_term_string\"}}],\"inLanguage\":\"fr-CA\"},{\"@type\":\"Organization\",\"@id\":\"https:\\\/\\\/lagreen.ca\\\/fr\\\/#organization\",\"name\":\"lagreen\",\"url\":\"https:\\\/\\\/lagreen.ca\\\/fr\\\/\",\"logo\":{\"@type\":\"ImageObject\",\"inLanguage\":\"fr-CA\",\"@id\":\"https:\\\/\\\/lagreen.ca\\\/fr\\\/#\\\/schema\\\/logo\\\/image\\\/\",\"url\":\"https:\\\/\\\/lagreen.ca\\\/wp-content\\\/uploads\\\/La-Green-Logo.png\",\"contentUrl\":\"https:\\\/\\\/lagreen.ca\\\/wp-content\\\/uploads\\\/La-Green-Logo.png\",\"width\":2000,\"height\":908,\"caption\":\"lagreen\"},\"image\":{\"@id\":\"https:\\\/\\\/lagreen.ca\\\/fr\\\/#\\\/schema\\\/logo\\\/image\\\/\"},\"sameAs\":[\"https:\\\/\\\/www.facebook.com\\\/LaGreenCleaners\\\/\",\"https:\\\/\\\/www.instagram.com\\\/nettoyeur_lagreen\\\/\"]}]}<\/script>\n<!-- \/ Yoast SEO Premium plugin. -->","yoast_head_json":{"title":"Services - LaGreen","robots":{"index":"index","follow":"follow","max-snippet":"max-snippet:-1","max-image-preview":"max-image-preview:large","max-video-preview":"max-video-preview:-1"},"canonical":"https:\/\/lagreen.ca\/fr\/services\/","og_locale":"fr_CA","og_type":"article","og_title":"Services","og_url":"https:\/\/lagreen.ca\/fr\/services\/","og_site_name":"LaGreen","article_publisher":"https:\/\/www.facebook.com\/LaGreenCleaners\/","article_modified_time":"2022-08-29T18:30:08+00:00","twitter_card":"summary_large_image","twitter_misc":{"Estimation du temps de lecture":"3 minutes"},"schema":{"@context":"https:\/\/schema.org","@graph":[{"@type":"WebPage","@id":"https:\/\/lagreen.ca\/services\/","url":"https:\/\/lagreen.ca\/services\/","name":"Services - LaGreen","isPartOf":{"@id":"https:\/\/lagreen.ca\/fr\/#website"},"datePublished":"2017-05-02T13:17:08+00:00","dateModified":"2022-08-29T18:30:08+00:00","breadcrumb":{"@id":"https:\/\/lagreen.ca\/services\/#breadcrumb"},"inLanguage":"fr-CA","potentialAction":[{"@type":"ReadAction","target":["https:\/\/lagreen.ca\/services\/"]}]},{"@type":"BreadcrumbList","@id":"https:\/\/lagreen.ca\/services\/#breadcrumb","itemListElement":[{"@type":"ListItem","position":1,"name":"Home","item":"https:\/\/lagreen.ca\/"},{"@type":"ListItem","position":2,"name":"Services"}]},{"@type":"WebSite","@id":"https:\/\/lagreen.ca\/fr\/#website","url":"https:\/\/lagreen.ca\/fr\/","name":"LaGreen","description":"Nettoyeur | Dry Cleaner","publisher":{"@id":"https:\/\/lagreen.ca\/fr\/#organization"},"potentialAction":[{"@type":"SearchAction","target":{"@type":"EntryPoint","urlTemplate":"https:\/\/lagreen.ca\/fr\/?s={search_term_string}"},"query-input":{"@type":"PropertyValueSpecification","valueRequired":true,"valueName":"search_term_string"}}],"inLanguage":"fr-CA"},{"@type":"Organization","@id":"https:\/\/lagreen.ca\/fr\/#organization","name":"lagreen","url":"https:\/\/lagreen.ca\/fr\/","logo":{"@type":"ImageObject","inLanguage":"fr-CA","@id":"https:\/\/lagreen.ca\/fr\/#\/schema\/logo\/image\/","url":"https:\/\/lagreen.ca\/wp-content\/uploads\/La-Green-Logo.png","contentUrl":"https:\/\/lagreen.ca\/wp-content\/uploads\/La-Green-Logo.png","width":2000,"height":908,"caption":"lagreen"},"image":{"@id":"https:\/\/lagreen.ca\/fr\/#\/schema\/logo\/image\/"},"sameAs":["https:\/\/www.facebook.com\/LaGreenCleaners\/","https:\/\/www.instagram.com\/nettoyeur_lagreen\/"]}]}},"_links":{"self":[{"href":"https:\/\/lagreen.ca\/fr\/wp-json\/wp\/v2\/pages\/7451","targetHints":{"allow":["GET"]}}],"collection":[{"href":"https:\/\/lagreen.ca\/fr\/wp-json\/wp\/v2\/pages"}],"about":[{"href":"https:\/\/lagreen.ca\/fr\/wp-json\/wp\/v2\/types\/page"}],"author":[{"embeddable":true,"href":"https:\/\/lagreen.ca\/fr\/wp-json\/wp\/v2\/users\/1"}],"replies":[{"embeddable":true,"href":"https:\/\/lagreen.ca\/fr\/wp-json\/wp\/v2\/comments?post=7451"}],"version-history":[{"count":2,"href":"https:\/\/lagreen.ca\/fr\/wp-json\/wp\/v2\/pages\/7451\/revisions"}],"predecessor-version":[{"id":9818,"href":"https:\/\/lagreen.ca\/fr\/wp-json\/wp\/v2\/pages\/7451\/revisions\/9818"}],"wp:attachment":[{"href":"https:\/\/lagreen.ca\/fr\/wp-json\/wp\/v2\/media?parent=7451"}],"curies":[{"name":"wp","href":"https:\/\/api.w.org\/{rel}","templated":true}]}}