{"id":14,"date":"2017-04-22T06:59:55","date_gmt":"2017-04-22T06:59:55","guid":{"rendered":"https:\/\/lagreen.ca\/?page_id=14"},"modified":"2026-04-14T23:18:44","modified_gmt":"2026-04-15T03:18:44","slug":"pricing","status":"publish","type":"page","link":"https:\/\/lagreen.ca\/fr\/pricing\/","title":{"rendered":"Liste de prix"},"content":{"rendered":"<div class=\"vc_row wpb_row vc_row-fluid\"><div class=\"wpb_column vc_column_container vc_col-sm-12\"><div class=\"vc_column-inner\"><div class=\"wpb_wrapper\"><div class=\"ult-spacer spacer-69f4a963e672b\" data-id=\"69f4a963e672b\" data-height=\"80\" data-height-mobile=\"80\" data-height-tab=\"80\" data-height-tab-portrait=\"\" data-height-mobile-landscape=\"\" style=\"clear:both;display:block;\"><\/div><\/div><\/div><\/div><\/div><div class=\"vc_row wpb_row vc_row-fluid aligncenter\"><div class=\"wpb_column vc_column_container vc_col-sm-12\"><div class=\"vc_column-inner\"><div class=\"wpb_wrapper\"><div class=\"ult-animation  ult-animate-viewport  ult-no-mobile\" data-animate=\"bounceInDown\" data-animation-delay=\"0.5\" data-animation-duration=\"1\" data-animation-iteration=\"1\" style=\"opacity:0;\" data-opacity_start_effect=\"\"><div class='dt-sc-title script-with-sub-title'><h2><\/h2><h3>Plus <strong>de d\u00e9tails sur les prix<\/strong><\/h3><\/div><h5 style=\"text-align: left\" class=\"vc_custom_heading\">Vous trouverez plus de d\u00e9tails sur nos prix sur la page \u00ab Planifier un ramassage \u00bb.\nLes prix s\u2019appliquent uniquement \u00e0 notre service de ramassage et de livraison.\nLes prix peuvent varier selon l\u2019emplacement du magasin, les mat\u00e9riaux, la taille et les sp\u00e9cificit\u00e9s du v\u00eatement.<\/h5><\/div><div class=\"ult-spacer spacer-69f4a963e74e2\" data-id=\"69f4a963e74e2\" data-height=\"30\" data-height-mobile=\"30\" data-height-tab=\"30\" data-height-tab-portrait=\"\" data-height-mobile-landscape=\"\" style=\"clear:both;display:block;\"><\/div><\/div><\/div><\/div><\/div><div class=\"vc_row wpb_row vc_row-fluid dt-sc-skin-highlight wpb_animate_when_almost_visible wpb_fadeInUp fadeInUp\"><div class=\"wpb_column vc_column_container vc_col-sm-6\"><div class=\"vc_column-inner vc_custom_1492766713306\"><div class=\"wpb_wrapper\"><div class=\"ult-animation  ult-animate-viewport  ult-no-mobile\" data-animate=\"fadeIn\" data-animation-delay=\"1.0\" data-animation-duration=\"1\" data-animation-iteration=\"1\" style=\"opacity:0;\" data-opacity_start_effect=\"\">\n\t<div  class=\"wpb_single_image wpb_content_element vc_align_left  vc_custom_1600739004717\">\n\t\t\n\t\t<figure class=\"wpb_wrapper vc_figure\">\n\t\t\t<div class=\"vc_single_image-wrapper   vc_box_border_grey\"><img loading=\"lazy\" decoding=\"async\" width=\"500\" height=\"350\" src=\"https:\/\/lagreen.ca\/wp-content\/uploads\/qtq50-JJf6rT-landscape-e1596391790490.jpg\" class=\"vc_single_image-img attachment-full\" alt=\"\" \/><\/div>\n\t\t<\/figure>\n\t<\/div>\n<\/div><\/div><\/div><\/div><div class=\"aligncenter dt-sc-dark-bg vc_padding_align_two wpb_column vc_column_container vc_col-sm-6\"><div class=\"vc_column-inner vc_custom_1495703046167\"><div class=\"wpb_wrapper\"><div class=\"ult-animation  ult-animate-viewport  ult-no-mobile\" data-animate=\"zoomInDown\" data-animation-delay=\"1.3\" data-animation-duration=\"1\" data-animation-iteration=\"1\" style=\"opacity:0;\" data-opacity_start_effect=\"\"><h2 style=\"text-align: center;font-family:Lato;font-weight:400;font-style:normal\" class=\"vc_custom_heading\">Demandez un ramassage aujourd'hui!<\/h2><h2 style=\"text-align: center;font-family:Lato;font-weight:400;font-style:normal\" class=\"vc_custom_heading\"><\/h2><a href='https:\/\/cleancloudapp.com\/s2\/14175#\/' target='_self' title='Planifier un ramassage' class='dt-sc-button   medium   fully-rounded-border' > Planifier un ramassage <\/a><\/div><\/div><\/div><\/div><\/div><div class=\"vc_row wpb_row vc_row-fluid\"><div class=\"wpb_column vc_column_container vc_col-sm-12\"><div class=\"vc_column-inner\"><div class=\"wpb_wrapper\"><div class=\"ult-spacer spacer-69f4a963e894b\" data-id=\"69f4a963e894b\" data-height=\"80\" data-height-mobile=\"80\" data-height-tab=\"80\" data-height-tab-portrait=\"\" data-height-mobile-landscape=\"\" style=\"clear:both;display:block;\"><\/div><\/div><\/div><\/div><\/div><div data-vc-full-width=\"true\" data-vc-full-width-init=\"false\" data-vc-stretch-content=\"true\" class=\"vc_row wpb_row vc_row-fluid dt_sc_vc_boxed_fullwidth vc_row-no-padding\"><div class=\"dt_sc_vc_boxed_fullwidth dt-column-space wpb_column vc_column_container vc_col-sm-12\"><div class=\"vc_column-inner\"><div class=\"wpb_wrapper\"><div class=\"vc_row wpb_row vc_inner vc_row-fluid\"><div class=\"wpb_column vc_column_container vc_col-sm-6\"><div class=\"vc_column-inner\"><div class=\"wpb_wrapper\"><div class=\"ult-animation  ult-animate-viewport  ult-no-mobile\" data-animate=\"fadeInUp\" data-animation-delay=\"0\" data-animation-duration=\"0.8\" data-animation-iteration=\"1\" style=\"opacity:0;\" data-opacity_start_effect=\"\"><h3 style=\"text-align: left\" class=\"vc_custom_heading vc_custom_1493895722422\">Services de Nettoyage \u00e0 Sec<\/h3><ul class=\"dt-sc-specials-list\">\n<li><span class=\"item-name\">Men\u2019s Shirt <\/span><span class=\"item-price\">$5.70<\/span><\/li>\n<li><span class=\"item-name\">Chandails* <\/span><span class=\"item-price\">$9.70<\/span><\/li>\n<li><span class=\"item-name\">Pantalon<\/span><span class=\"item-price\">$9.75<\/span><\/li>\n<li><span class=\"item-name\">Habit 2mrx <\/span><span class=\"item-price\">$21.25<\/span><\/li>\n<li><span class=\"item-name\">Blazer\u00a0 <\/span><span class=\"item-price\">$12.55<\/span><\/li>\n<\/ul><\/div><\/div><\/div><\/div><div class=\"wpb_column vc_column_container vc_col-sm-6\"><div class=\"vc_column-inner\"><div class=\"wpb_wrapper\"><div class=\"ult-animation  ult-animate-viewport  ult-no-mobile\" data-animate=\"fadeInUp\" data-animation-delay=\"1.1\" data-animation-duration=\"1\" data-animation-iteration=\"1\" style=\"opacity:0;\" data-opacity_start_effect=\"\"><h3 style=\"text-align: left\" class=\"vc_custom_heading vc_custom_1596393544423\">Services de Nettoyage \u00e0 Sec<\/h3><ul class=\"dt-sc-specials-list\">\n<li><span class=\"item-name\">Camisole <\/span><span class=\"item-price\">$ 7.55<\/span><\/li>\n<li><span class=\"item-name\">Blouse <\/span><span class=\"item-price\">$9.30<\/span><\/li>\n<li><span class=\"item-name\">Jupe* <\/span><span class=\"item-price\">$ 8.95<\/span><\/li>\n<li><span class=\"item-name\">Robe* <\/span><span class=\"item-price\">$ 18.30<\/span><\/li>\n<li><span class=\"item-name\">Jumpsuit <\/span><span class=\"item-price\">$ 23.40<\/span><\/li>\n<\/ul><\/div><\/div><\/div><\/div><\/div><div class=\"vc_row wpb_row vc_inner vc_row-fluid\"><div class=\"wpb_column vc_column_container vc_col-sm-6\"><div class=\"vc_column-inner\"><div class=\"wpb_wrapper\"><div class=\"ult-animation  ult-animate-viewport  ult-no-mobile\" data-animate=\"fadeInUp\" data-animation-delay=\"2.0\" data-animation-duration=\"1\" data-animation-iteration=\"1\" style=\"opacity:0;\" data-opacity_start_effect=\"\"><h3 style=\"text-align: left\" class=\"vc_custom_heading vc_custom_1596393043123\">Wash & Fold<\/h3><ul class=\"dt-sc-specials-list\">\n<li><span class=\"item-name\">Linge par Llivre <\/span><span class=\"item-price\">4,25 $\/lb (uniquement pour le service de ramassage et de livraison)<\/span><\/li>\n<\/ul><\/div><\/div><\/div><\/div><\/div><\/div><\/div><\/div><\/div><div class=\"vc_row-full-width vc_clearfix\"><\/div><div data-vc-full-width=\"true\" data-vc-full-width-init=\"false\" data-vc-stretch-content=\"true\" class=\"vc_row wpb_row vc_row-fluid vcr_float_right fullwidth wpb_animate_when_almost_visible wpb_fadeInUp fadeInUp vc_row-no-padding vc_row-o-content-middle vc_row-flex\"><div class=\"wpb_column vc_column_container vc_col-sm-12 vc_col-has-fill\"><div class=\"vc_column-inner vc_custom_1596421391664\" style=\" text-align:center; \"><div class=\"wpb_wrapper\"><div class=\"ult-animation  ult-no-mobile\" data-animate=\"No Animation\" data-animation-delay=\"1.0\" data-animation-duration=\"1\" data-animation-iteration=\"1\" style=\"\" ><h2 style=\"font-size: 40px;color: #ffffff;text-align: center;font-family:Lato;font-weight:400;font-style:normal\" class=\"vc_custom_heading vc_custom_1596421499459\">Offre Sp\u00e9ciale<\/h2><h2 style=\"font-size: 40px;color: #ffffff;text-align: center;font-family:Lato;font-weight:400;font-style:normal\" class=\"vc_custom_heading vc_custom_1596421506227\">Rabais 20%<\/h2><h5 style=\"color: #ffffff;text-align: center\" class=\"vc_custom_heading\">Get 20% off on your first order when you signup for our FREE Pickup & Delivery Service. (use promo code: 20signup)<\/h5><\/div><div class=\"ult-animation  ult-no-mobile\" data-animate=\"No Animation\" data-animation-delay=\"1.3\" data-animation-duration=\"1\" data-animation-iteration=\"1\" style=\"\" ><a href='https:\/\/cleancloudapp.com\/s2\/14175#\/' target='_self' title='Planifier un ramassage' class='dt-sc-button   medium   bordered' > Planifier un ramassage <\/a><\/div><\/div><\/div><\/div><\/div><div class=\"vc_row-full-width vc_clearfix\"><\/div><div class=\"vc_row wpb_row vc_row-fluid\"><div class=\"wpb_column vc_column_container vc_col-sm-12\"><div class=\"vc_column-inner\"><div class=\"wpb_wrapper\"><div class=\"ult-spacer spacer-69f4a963eaa91\" data-id=\"69f4a963eaa91\" data-height=\"80\" data-height-mobile=\"80\" data-height-tab=\"80\" data-height-tab-portrait=\"\" data-height-mobile-landscape=\"\" style=\"clear:both;display:block;\"><\/div><\/div><\/div><\/div><\/div><div class=\"vc_row wpb_row vc_row-fluid wpb_animate_when_almost_visible wpb_fadeInUp fadeInUp\"><div class=\"wpb_column vc_column_container vc_col-sm-12\"><div class=\"vc_column-inner\"><div class=\"wpb_wrapper\"><div class=\"ult-animation  ult-animate-viewport  ult-no-mobile\" data-animate=\"bounceInDown\" data-animation-delay=\"1.0\" data-animation-duration=\"1\" data-animation-iteration=\"1\" style=\"opacity:0;\" data-opacity_start_effect=\"\"><h3 style=\"font-size: 30px;color: #ffffff;line-height: 40px;text-align: center\" class=\"vc_custom_heading dt-sc-skin-highlight vc_custom_1596393903329\">Promotions d'hiver<\/h3><\/div><div class=\"ult-animation  ult-no-mobile\" data-animate=\"No Animation\" data-animation-delay=\"1.3\" data-animation-duration=\"1\" data-animation-iteration=\"1\" style=\"\" ><ul class=\"winter-special-off\">\n<li style=\"text-align: center;\"><strong>Here at Nettoyeur Lagreen,<\/strong> nous voulons que vous sentiez chaud, confortable et propre!<\/li>\n<li style=\"text-align: center;\">\u00a0Windbreaker for $26.20<\/li>\n<li style=\"text-align: center;\">Wool Coat for $ 32.20<\/li>\n<li style=\"text-align: center;\">Synthetic winter coat for $36.65<\/li>\n<li style=\"text-align: center;\">Duvet Winter Coat for $43.90<\/li>\n<li style=\"text-align: center;\">Canada Goose \/ Kanuk for $49.95<\/li>\n<li style=\"text-align: center;\">Blanket for $29.70<\/li>\n<li style=\"text-align: center;\">Synthetic Comforter for $42.95<\/li>\n<li style=\"text-align: center;\">Duvet Comforter\u00a0 for $53.50<\/li>\n<li style=\"text-align: left;\">* Tous les prix peuvent varier selon la taille.<\/li>\n<\/ul><\/div><\/div><\/div><\/div><\/div><div class=\"vc_row wpb_row vc_row-fluid\"><div class=\"wpb_column vc_column_container vc_col-sm-12\"><div class=\"vc_column-inner\"><div class=\"wpb_wrapper\"><div class=\"ult-spacer spacer-69f4a963eb437\" data-id=\"69f4a963eb437\" data-height=\"80\" data-height-mobile=\"80\" data-height-tab=\"80\" data-height-tab-portrait=\"\" data-height-mobile-landscape=\"\" style=\"clear:both;display:block;\"><\/div><\/div><\/div><\/div><\/div>","protected":false},"excerpt":{"rendered":"More Details on PricingMore Pricing details on our Schedule Pickup page. Prices are only for pickup & Delivery Service. Prices may vary depending on store location, materials, size and garment specifications. Request a pickup Today! Schedule Pickup Dry Cleaning Services Men's Shirt $5.70 Sweaters* $9.70 Pants$9.75 Suit 2pcs $21.25 Blazer\u00a0 $12.55 Dry Cleaning Service Camisole [...]","protected":false},"author":1,"featured_media":0,"parent":0,"menu_order":0,"comment_status":"closed","ping_status":"closed","template":"","meta":{"footnotes":""},"class_list":["post-14","page","type-page","status-publish","hentry"],"yoast_head":"<!-- This site is optimized with the Yoast SEO Premium plugin v27.4 (Yoast SEO v27.5) - https:\/\/yoast.com\/product\/yoast-seo-premium-wordpress\/ -->\n<title>Pricing - LaGreen<\/title>\n<meta name=\"robots\" content=\"index, follow, max-snippet:-1, max-image-preview:large, max-video-preview:-1\" \/>\n<link rel=\"canonical\" href=\"https:\/\/lagreen.ca\/fr\/pricing\/\" \/>\n<meta property=\"og:locale\" content=\"fr_CA\" \/>\n<meta property=\"og:type\" content=\"article\" \/>\n<meta property=\"og:title\" content=\"Pricing\" \/>\n<meta property=\"og:url\" content=\"https:\/\/lagreen.ca\/fr\/pricing\/\" \/>\n<meta property=\"og:site_name\" content=\"LaGreen\" \/>\n<meta property=\"article:publisher\" content=\"https:\/\/www.facebook.com\/LaGreenCleaners\/\" \/>\n<meta property=\"article:modified_time\" content=\"2026-04-15T03:18:44+00:00\" \/>\n<meta name=\"twitter:card\" content=\"summary_large_image\" \/>\n<meta name=\"twitter:label1\" content=\"Estimation du temps de lecture\" \/>\n\t<meta name=\"twitter:data1\" content=\"5 minutes\" \/>\n<script type=\"application\/ld+json\" class=\"yoast-schema-graph\">{\"@context\":\"https:\\\/\\\/schema.org\",\"@graph\":[{\"@type\":\"WebPage\",\"@id\":\"https:\\\/\\\/lagreen.ca\\\/pricing\\\/\",\"url\":\"https:\\\/\\\/lagreen.ca\\\/pricing\\\/\",\"name\":\"Pricing - LaGreen\",\"isPartOf\":{\"@id\":\"https:\\\/\\\/lagreen.ca\\\/fr\\\/#website\"},\"datePublished\":\"2017-04-22T06:59:55+00:00\",\"dateModified\":\"2026-04-15T03:18:44+00:00\",\"breadcrumb\":{\"@id\":\"https:\\\/\\\/lagreen.ca\\\/pricing\\\/#breadcrumb\"},\"inLanguage\":\"fr-CA\",\"potentialAction\":[{\"@type\":\"ReadAction\",\"target\":[\"https:\\\/\\\/lagreen.ca\\\/pricing\\\/\"]}]},{\"@type\":\"BreadcrumbList\",\"@id\":\"https:\\\/\\\/lagreen.ca\\\/pricing\\\/#breadcrumb\",\"itemListElement\":[{\"@type\":\"ListItem\",\"position\":1,\"name\":\"Home\",\"item\":\"https:\\\/\\\/lagreen.ca\\\/\"},{\"@type\":\"ListItem\",\"position\":2,\"name\":\"Pricing\"}]},{\"@type\":\"WebSite\",\"@id\":\"https:\\\/\\\/lagreen.ca\\\/fr\\\/#website\",\"url\":\"https:\\\/\\\/lagreen.ca\\\/fr\\\/\",\"name\":\"LaGreen\",\"description\":\"Nettoyeur | Dry Cleaner\",\"publisher\":{\"@id\":\"https:\\\/\\\/lagreen.ca\\\/fr\\\/#organization\"},\"potentialAction\":[{\"@type\":\"SearchAction\",\"target\":{\"@type\":\"EntryPoint\",\"urlTemplate\":\"https:\\\/\\\/lagreen.ca\\\/fr\\\/?s={search_term_string}\"},\"query-input\":{\"@type\":\"PropertyValueSpecification\",\"valueRequired\":true,\"valueName\":\"search_term_string\"}}],\"inLanguage\":\"fr-CA\"},{\"@type\":\"Organization\",\"@id\":\"https:\\\/\\\/lagreen.ca\\\/fr\\\/#organization\",\"name\":\"lagreen\",\"url\":\"https:\\\/\\\/lagreen.ca\\\/fr\\\/\",\"logo\":{\"@type\":\"ImageObject\",\"inLanguage\":\"fr-CA\",\"@id\":\"https:\\\/\\\/lagreen.ca\\\/fr\\\/#\\\/schema\\\/logo\\\/image\\\/\",\"url\":\"https:\\\/\\\/lagreen.ca\\\/wp-content\\\/uploads\\\/La-Green-Logo.png\",\"contentUrl\":\"https:\\\/\\\/lagreen.ca\\\/wp-content\\\/uploads\\\/La-Green-Logo.png\",\"width\":2000,\"height\":908,\"caption\":\"lagreen\"},\"image\":{\"@id\":\"https:\\\/\\\/lagreen.ca\\\/fr\\\/#\\\/schema\\\/logo\\\/image\\\/\"},\"sameAs\":[\"https:\\\/\\\/www.facebook.com\\\/LaGreenCleaners\\\/\",\"https:\\\/\\\/www.instagram.com\\\/nettoyeur_lagreen\\\/\"]}]}<\/script>\n<!-- \/ Yoast SEO Premium plugin. -->","yoast_head_json":{"title":"Pricing - LaGreen","robots":{"index":"index","follow":"follow","max-snippet":"max-snippet:-1","max-image-preview":"max-image-preview:large","max-video-preview":"max-video-preview:-1"},"canonical":"https:\/\/lagreen.ca\/fr\/pricing\/","og_locale":"fr_CA","og_type":"article","og_title":"Pricing","og_url":"https:\/\/lagreen.ca\/fr\/pricing\/","og_site_name":"LaGreen","article_publisher":"https:\/\/www.facebook.com\/LaGreenCleaners\/","article_modified_time":"2026-04-15T03:18:44+00:00","twitter_card":"summary_large_image","twitter_misc":{"Estimation du temps de lecture":"5 minutes"},"schema":{"@context":"https:\/\/schema.org","@graph":[{"@type":"WebPage","@id":"https:\/\/lagreen.ca\/pricing\/","url":"https:\/\/lagreen.ca\/pricing\/","name":"Pricing - LaGreen","isPartOf":{"@id":"https:\/\/lagreen.ca\/fr\/#website"},"datePublished":"2017-04-22T06:59:55+00:00","dateModified":"2026-04-15T03:18:44+00:00","breadcrumb":{"@id":"https:\/\/lagreen.ca\/pricing\/#breadcrumb"},"inLanguage":"fr-CA","potentialAction":[{"@type":"ReadAction","target":["https:\/\/lagreen.ca\/pricing\/"]}]},{"@type":"BreadcrumbList","@id":"https:\/\/lagreen.ca\/pricing\/#breadcrumb","itemListElement":[{"@type":"ListItem","position":1,"name":"Home","item":"https:\/\/lagreen.ca\/"},{"@type":"ListItem","position":2,"name":"Pricing"}]},{"@type":"WebSite","@id":"https:\/\/lagreen.ca\/fr\/#website","url":"https:\/\/lagreen.ca\/fr\/","name":"LaGreen","description":"Nettoyeur | Dry Cleaner","publisher":{"@id":"https:\/\/lagreen.ca\/fr\/#organization"},"potentialAction":[{"@type":"SearchAction","target":{"@type":"EntryPoint","urlTemplate":"https:\/\/lagreen.ca\/fr\/?s={search_term_string}"},"query-input":{"@type":"PropertyValueSpecification","valueRequired":true,"valueName":"search_term_string"}}],"inLanguage":"fr-CA"},{"@type":"Organization","@id":"https:\/\/lagreen.ca\/fr\/#organization","name":"lagreen","url":"https:\/\/lagreen.ca\/fr\/","logo":{"@type":"ImageObject","inLanguage":"fr-CA","@id":"https:\/\/lagreen.ca\/fr\/#\/schema\/logo\/image\/","url":"https:\/\/lagreen.ca\/wp-content\/uploads\/La-Green-Logo.png","contentUrl":"https:\/\/lagreen.ca\/wp-content\/uploads\/La-Green-Logo.png","width":2000,"height":908,"caption":"lagreen"},"image":{"@id":"https:\/\/lagreen.ca\/fr\/#\/schema\/logo\/image\/"},"sameAs":["https:\/\/www.facebook.com\/LaGreenCleaners\/","https:\/\/www.instagram.com\/nettoyeur_lagreen\/"]}]}},"_links":{"self":[{"href":"https:\/\/lagreen.ca\/fr\/wp-json\/wp\/v2\/pages\/14","targetHints":{"allow":["GET"]}}],"collection":[{"href":"https:\/\/lagreen.ca\/fr\/wp-json\/wp\/v2\/pages"}],"about":[{"href":"https:\/\/lagreen.ca\/fr\/wp-json\/wp\/v2\/types\/page"}],"author":[{"embeddable":true,"href":"https:\/\/lagreen.ca\/fr\/wp-json\/wp\/v2\/users\/1"}],"replies":[{"embeddable":true,"href":"https:\/\/lagreen.ca\/fr\/wp-json\/wp\/v2\/comments?post=14"}],"version-history":[{"count":33,"href":"https:\/\/lagreen.ca\/fr\/wp-json\/wp\/v2\/pages\/14\/revisions"}],"predecessor-version":[{"id":9894,"href":"https:\/\/lagreen.ca\/fr\/wp-json\/wp\/v2\/pages\/14\/revisions\/9894"}],"wp:attachment":[{"href":"https:\/\/lagreen.ca\/fr\/wp-json\/wp\/v2\/media?parent=14"}],"curies":[{"name":"wp","href":"https:\/\/api.w.org\/{rel}","templated":true}]}}